{"id":27,"date":"2020-11-17T18:13:04","date_gmt":"2020-11-17T21:13:04","guid":{"rendered":"https:\/\/maissaudeintegrada.com.br\/?page_id=27"},"modified":"2021-01-10T23:46:59","modified_gmt":"2021-01-11T02:46:59","slug":"medicina","status":"publish","type":"page","link":"https:\/\/maissaudeintegrada.com.br\/","title":{"rendered":"Em breve sua nova op\u00e7\u00e3o&#8230;."},"content":{"rendered":"\t\t<div data-elementor-type=\"wp-page\" data-elementor-id=\"27\" class=\"elementor elementor-27\" data-elementor-settings=\"[]\">\n\t\t\t\t\t\t<div class=\"elementor-inner\">\n\t\t\t\t\t\t\t<div class=\"elementor-section-wrap\">\n\t\t\t\t\t\t\t<section class=\"elementor-section elementor-top-section elementor-element elementor-element-9a5d155 elementor-section-boxed elementor-section-height-default elementor-section-height-default\" data-id=\"9a5d155\" data-element_type=\"section\">\n\t\t\t\t\t\t<div class=\"elementor-container elementor-column-gap-default\">\n\t\t\t\t\t\t\t<div class=\"elementor-row\">\n\t\t\t\t\t<div class=\"elementor-column elementor-col-100 elementor-top-column elementor-element elementor-element-3fd5d10\" data-id=\"3fd5d10\" data-element_type=\"column\">\n\t\t\t<div class=\"elementor-column-wrap elementor-element-populated\">\n\t\t\t\t\t\t\t<div class=\"elementor-widget-wrap\">\n\t\t\t\t\t\t<div class=\"elementor-element elementor-element-ac9f201 elementor-widget elementor-widget-image\" data-id=\"ac9f201\" data-element_type=\"widget\" data-widget_type=\"image.default\">\n\t\t\t\t<div class=\"elementor-widget-container\">\n\t\t\t\t\t<div class=\"elementor-image\">\n\t\t\t\t\t\t\t\t\t\t<img loading=\"lazy\" decoding=\"async\" width=\"1536\" height=\"864\" src=\"https:\/\/maissaudeintegrada.com.br\/wp-content\/uploads\/2021\/01\/banner03-1536x864.jpg\" class=\"attachment-1536x1536 size-1536x1536\" alt=\"\" srcset=\"https:\/\/maissaudeintegrada.com.br\/wp-content\/uploads\/2021\/01\/banner03-1536x864.jpg 1536w, https:\/\/maissaudeintegrada.com.br\/wp-content\/uploads\/2021\/01\/banner03-300x169.jpg 300w, https:\/\/maissaudeintegrada.com.br\/wp-content\/uploads\/2021\/01\/banner03-1024x576.jpg 1024w, https:\/\/maissaudeintegrada.com.br\/wp-content\/uploads\/2021\/01\/banner03-768x432.jpg 768w, https:\/\/maissaudeintegrada.com.br\/wp-content\/uploads\/2021\/01\/banner03-2048x1152.jpg 2048w, https:\/\/maissaudeintegrada.com.br\/wp-content\/uploads\/2021\/01\/banner03-107x60.jpg 107w\" sizes=\"(max-width: 1536px) 100vw, 1536px\" \/>\t\t\t\t\t\t\t\t\t\t\t<\/div>\n\t\t\t\t<\/div>\n\t\t\t\t<\/div>\n\t\t\t\t\t\t<\/div>\n\t\t\t\t\t<\/div>\n\t\t<\/div>\n\t\t\t\t\t\t\t\t<\/div>\n\t\t\t\t\t<\/div>\n\t\t<\/section>\n\t\t\t\t<section class=\"elementor-section elementor-top-section elementor-element elementor-element-3900d6b elementor-section-boxed elementor-section-height-default elementor-section-height-default\" data-id=\"3900d6b\" data-element_type=\"section\">\n\t\t\t\t\t\t<div class=\"elementor-container elementor-column-gap-default\">\n\t\t\t\t\t\t\t<div class=\"elementor-row\">\n\t\t\t\t\t<div class=\"elementor-column elementor-col-33 elementor-top-column elementor-element elementor-element-cc82dcb\" data-id=\"cc82dcb\" data-element_type=\"column\">\n\t\t\t<div class=\"elementor-column-wrap elementor-element-populated\">\n\t\t\t\t\t\t\t<div class=\"elementor-widget-wrap\">\n\t\t\t\t\t\t<div class=\"elementor-element elementor-element-a5f0f39 elementor-widget elementor-widget-image\" data-id=\"a5f0f39\" data-element_type=\"widget\" data-widget_type=\"image.default\">\n\t\t\t\t<div class=\"elementor-widget-container\">\n\t\t\t\t\t<div class=\"elementor-image\">\n\t\t\t\t\t\t\t\t\t\t<img loading=\"lazy\" decoding=\"async\" width=\"1020\" height=\"471\" src=\"https:\/\/maissaudeintegrada.com.br\/wp-content\/uploads\/2021\/01\/Screenshot_2021-01-10-18-21-13-499_com.google.android.apps_.docs_2-1024x473.jpg\" class=\"attachment-large size-large\" alt=\"\" srcset=\"https:\/\/maissaudeintegrada.com.br\/wp-content\/uploads\/2021\/01\/Screenshot_2021-01-10-18-21-13-499_com.google.android.apps_.docs_2-1024x473.jpg 1024w, https:\/\/maissaudeintegrada.com.br\/wp-content\/uploads\/2021\/01\/Screenshot_2021-01-10-18-21-13-499_com.google.android.apps_.docs_2-300x139.jpg 300w, https:\/\/maissaudeintegrada.com.br\/wp-content\/uploads\/2021\/01\/Screenshot_2021-01-10-18-21-13-499_com.google.android.apps_.docs_2-768x355.jpg 768w, https:\/\/maissaudeintegrada.com.br\/wp-content\/uploads\/2021\/01\/Screenshot_2021-01-10-18-21-13-499_com.google.android.apps_.docs_2-1536x710.jpg 1536w, https:\/\/maissaudeintegrada.com.br\/wp-content\/uploads\/2021\/01\/Screenshot_2021-01-10-18-21-13-499_com.google.android.apps_.docs_2-130x60.jpg 130w, https:\/\/maissaudeintegrada.com.br\/wp-content\/uploads\/2021\/01\/Screenshot_2021-01-10-18-21-13-499_com.google.android.apps_.docs_2.jpg 1834w\" sizes=\"(max-width: 1020px) 100vw, 1020px\" \/>\t\t\t\t\t\t\t\t\t\t\t<\/div>\n\t\t\t\t<\/div>\n\t\t\t\t<\/div>\n\t\t\t\t<div class=\"elementor-element elementor-element-16d1889 elementor-widget elementor-widget-text-editor\" data-id=\"16d1889\" data-element_type=\"widget\" data-widget_type=\"text-editor.default\">\n\t\t\t\t<div class=\"elementor-widget-container\">\n\t\t\t\t\t<div class=\"elementor-text-editor elementor-clearfix\"><p><span style=\"color: var( --e-global-color-text ); font-family: var( --e-global-typography-text-font-family ), Sans-serif; font-weight: var( --e-global-typography-text-font-weight );\">Rua Projetada 1, 296 &#8211; Salas 01\/02<br \/>J<\/span><span style=\"color: var( --e-global-color-text ); font-family: var( --e-global-typography-text-font-family ), Sans-serif; font-weight: var( --e-global-typography-text-font-weight );\">ardim Apura &#8211; S\u00e3o Paulo &#8211; SP<br \/>CEP 04470-185<\/span><\/p><\/div>\n\t\t\t\t<\/div>\n\t\t\t\t<\/div>\n\t\t\t\t\t\t<\/div>\n\t\t\t\t\t<\/div>\n\t\t<\/div>\n\t\t\t\t<div class=\"elementor-column elementor-col-66 elementor-top-column elementor-element elementor-element-94db74c\" data-id=\"94db74c\" data-element_type=\"column\">\n\t\t\t<div class=\"elementor-column-wrap elementor-element-populated\">\n\t\t\t\t\t\t\t<div class=\"elementor-widget-wrap\">\n\t\t\t\t\t\t<div class=\"elementor-element elementor-element-2531134 elementor-widget elementor-widget-google_maps\" data-id=\"2531134\" data-element_type=\"widget\" data-widget_type=\"google_maps.default\">\n\t\t\t\t<div class=\"elementor-widget-container\">\n\t\t\t<div class=\"elementor-custom-embed\"><iframe frameborder=\"0\" scrolling=\"no\" marginheight=\"0\" marginwidth=\"0\" src=\"https:\/\/maps.google.com\/maps?q=Rua%20Projetada%201%2C%20296%20Jardim%20Apura&amp;t=m&amp;z=15&amp;output=embed&amp;iwloc=near\" title=\"Rua Projetada 1, 296 Jardim Apura\" aria-label=\"Rua Projetada 1, 296 Jardim Apura\"><\/iframe><\/div>\t\t<\/div>\n\t\t\t\t<\/div>\n\t\t\t\t\t\t<\/div>\n\t\t\t\t\t<\/div>\n\t\t<\/div>\n\t\t\t\t\t\t\t\t<\/div>\n\t\t\t\t\t<\/div>\n\t\t<\/section>\n\t\t\t\t<section class=\"elementor-section elementor-top-section elementor-element elementor-element-66a7d21e elementor-section-boxed elementor-section-height-default elementor-section-height-default\" data-id=\"66a7d21e\" data-element_type=\"section\">\n\t\t\t\t\t\t<div class=\"elementor-container elementor-column-gap-default\">\n\t\t\t\t\t\t\t<div class=\"elementor-row\">\n\t\t\t\t\t<div class=\"elementor-column elementor-col-100 elementor-top-column elementor-element elementor-element-7d63ed01\" data-id=\"7d63ed01\" data-element_type=\"column\">\n\t\t\t<div class=\"elementor-column-wrap elementor-element-populated\">\n\t\t\t\t\t\t\t<div class=\"elementor-widget-wrap\">\n\t\t\t\t\t\t<div class=\"elementor-element elementor-element-1ec064b7 elementor-widget elementor-widget-text-editor\" data-id=\"1ec064b7\" data-element_type=\"widget\" data-widget_type=\"text-editor.default\">\n\t\t\t\t<div class=\"elementor-widget-container\">\n\t\t\t\t\t<div class=\"elementor-text-editor elementor-clearfix\"><!-- wp:group {\"align\":\"wide\"} -->\n<div class=\"wp-block-group alignwide\">\n<div class=\"wp-block-group__inner-container\"><!-- wp:columns {\"align\":\"wide\"} -->\n<div class=\"wp-block-columns alignwide\"><!-- wp:column -->\n<div class=\"wp-block-column\"><!-- wp:image -->\n<figure class=\"wp-block-image\"><img decoding=\"async\" src=\"https:\/\/images.pexels.com\/photos\/1170979\/pexels-photo-1170979.jpeg?auto=compress&amp;cs=tinysrgb&amp;h=750&amp;w=1260\" alt=\"Three Person Looking at X-ray Result\" \/><\/figure>\n<!-- \/wp:image -->\n\n<!-- wp:paragraph -->\n<p>Capacitado para atender a pacientes desde o nascimento, os m\u00e9dicos de fam\u00edlia podem lidar com at\u00e9 80% dos problemas de sa\u00fade. A ideia central dessa especialidade \u00e9 conhecer e acompanhar o paciente por toda a vida, o que lembra a figura do m\u00e9dico de confian\u00e7a.<\/p>\n<!-- \/wp:paragraph -->\n\n<!-- wp:paragraph -->\n<p>O m\u00e9dico que faz resid\u00eancia em medicina de fam\u00edlia pode acompanhar, por exemplo, crian\u00e7as, fazer preven\u00e7\u00f5es ginecol\u00f3gicas, urol\u00f3gicas e, caso veja necessidade, encaminhar o paciente para um especialista. Em alguns pa\u00edses, esse profissional \u00e9 chamado de cl\u00ednico geral, m\u00e9dico generalista.<\/p>\n\n<!-- wp:buttons -->\n<div class=\"wp-block-buttons\"><!-- wp:button -->\n<div class=\"wp-block-button\">\u00a0<\/div>\n<!-- \/wp:button --><\/div>\n<!-- \/wp:buttons --><\/div>\n<!-- \/wp:column -->\n\n<!-- wp:column -->\n<div class=\"wp-block-column\"><!-- wp:image -->\n<figure class=\"wp-block-image\"><img decoding=\"async\" src=\"https:\/\/images.pexels.com\/photos\/3845625\/pexels-photo-3845625.jpeg?auto=compress&amp;cs=tinysrgb&amp;h=750&amp;w=1260\" alt=\"Woman Having a Dental Check-up\" \/><\/figure>\n<!-- \/wp:image -->\nIr ao dentista nem sempre significa ir a um consult\u00f3rio particular. Uma cl\u00ednica odontol\u00f3gica \u00e9 um \u00fanico local em que todas as suas necessidades de tratamento dent\u00e1rio podem atendidas; nesse tipo de cl\u00ednica, h\u00e1 mais do que uma categoria de especialista.<\/p>\n<!-- \/wp:paragraph -->\n\n<!-- wp:paragraph -->\n<p>A cl\u00ednica odontol\u00f3gica pode estar situada em uma faculdade de odontologia, hospital, centro de sa\u00fade privado (gerido por um ou v\u00e1rios propriet\u00e1rios) ou mesmo em casas de repouso. Em todos esses cen\u00e1rios, a cl\u00ednica odontol\u00f3gica enfatiza a orienta\u00e7\u00e3o do paciente quanto \u00e0 preven\u00e7\u00e3o de doen\u00e7as e oferece op\u00e7\u00f5es para diversos tratamentos e procedimentos. De um modo geral, a cl\u00ednica \u00e9 composta por dentistas, auxiliares e t\u00e9cnicos de higiene bucal que prestam servi\u00e7os como exames, limpeza, radiografias,\u00a0e outros cuidados dent\u00e1rios necess\u00e1rios.<\/p>\n<!-- \/wp:paragraph -->\n\n<!-- wp:buttons -->\n<div class=\"wp-block-buttons\"><!-- wp:button -->\n<div class=\"wp-block-button\">\u00a0<\/div>\n<!-- \/wp:button --><\/div>\n<!-- \/wp:buttons --><\/div>\n<!-- \/wp:column --><\/div>\n<!-- \/wp:columns --><\/div>\n<\/div>\n<!-- \/wp:group -->\n\n<!-- wp:html \/--><\/div>\n\t\t\t\t<\/div>\n\t\t\t\t<\/div>\n\t\t\t\t\t\t<\/div>\n\t\t\t\t\t<\/div>\n\t\t<\/div>\n\t\t\t\t\t\t\t\t<\/div>\n\t\t\t\t\t<\/div>\n\t\t<\/section>\n\t\t\t\t\t\t<\/div>\n\t\t\t\t\t\t<\/div>\n\t\t\t\t\t<\/div>\n\t\t","protected":false},"excerpt":{"rendered":"<p>Rua Projetada 1, 296 &#8211; Salas 01\/02Jardim Apura &#8211; S\u00e3o Paulo &#8211; SPCEP 04470-185 Capacitado para atender a pacientes desde o nascimento, os m\u00e9dicos de fam\u00edlia podem lidar com at\u00e9 80% dos problemas de sa\u00fade. A ideia central dessa especialidade \u00e9 conhecer e acompanhar o paciente por toda a vida, o que lembra a figura &hellip; <\/p>\n","protected":false},"author":1,"featured_media":0,"parent":0,"menu_order":0,"comment_status":"closed","ping_status":"closed","template":"elementor_header_footer","meta":{"_monsterinsights_skip_tracking":false,"_monsterinsights_sitenote_active":false,"_monsterinsights_sitenote_note":"","_monsterinsights_sitenote_category":0,"footnotes":""},"class_list":["post-27","page","type-page","status-publish","hentry","latest_post"],"_links":{"self":[{"href":"https:\/\/maissaudeintegrada.com.br\/index.php\/wp-json\/wp\/v2\/pages\/27"}],"collection":[{"href":"https:\/\/maissaudeintegrada.com.br\/index.php\/wp-json\/wp\/v2\/pages"}],"about":[{"href":"https:\/\/maissaudeintegrada.com.br\/index.php\/wp-json\/wp\/v2\/types\/page"}],"author":[{"embeddable":true,"href":"https:\/\/maissaudeintegrada.com.br\/index.php\/wp-json\/wp\/v2\/users\/1"}],"replies":[{"embeddable":true,"href":"https:\/\/maissaudeintegrada.com.br\/index.php\/wp-json\/wp\/v2\/comments?post=27"}],"version-history":[{"count":67,"href":"https:\/\/maissaudeintegrada.com.br\/index.php\/wp-json\/wp\/v2\/pages\/27\/revisions"}],"predecessor-version":[{"id":268,"href":"https:\/\/maissaudeintegrada.com.br\/index.php\/wp-json\/wp\/v2\/pages\/27\/revisions\/268"}],"wp:attachment":[{"href":"https:\/\/maissaudeintegrada.com.br\/index.php\/wp-json\/wp\/v2\/media?parent=27"}],"curies":[{"name":"wp","href":"https:\/\/api.w.org\/{rel}","templated":true}]}}